{"id":70,"date":"2022-08-10T11:05:56","date_gmt":"2022-08-10T09:05:56","guid":{"rendered":"https:\/\/wordpress.vecurosoft.com\/techbiz\/?page_id=70"},"modified":"2025-02-04T21:58:01","modified_gmt":"2025-02-04T20:58:01","slug":"service","status":"publish","type":"page","link":"https:\/\/www.yottabyte.com.tn\/index.php\/service\/","title":{"rendered":"Services"},"content":{"rendered":"\t\t<div data-elementor-type=\"wp-page\" data-elementor-id=\"70\" class=\"elementor elementor-70\" data-elementor-post-type=\"page\">\n\t\t\t\t\t\t<section class=\"elementor-section elementor-top-section elementor-element elementor-element-d0cc30b elementor-section-full_width elementor-section-height-default elementor-section-height-default\" data-id=\"d0cc30b\" data-element_type=\"section\">\n\t\t\t\t\t\t<div class=\"elementor-container elementor-column-gap-no\">\n\t\t\t\t\t<div class=\"elementor-column elementor-col-100 elementor-top-column elementor-element elementor-element-cb6ca78\" data-id=\"cb6ca78\" data-element_type=\"column\">\n\t\t\t<div class=\"elementor-widget-wrap elementor-element-populated\">\n\t\t\t\t\t\t<section class=\"elementor-section elementor-inner-section elementor-element elementor-element-8e8912d elementor-section-boxed elementor-section-height-default elementor-section-height-default\" data-id=\"8e8912d\" data-element_type=\"section\">\n\t\t\t\t\t\t<div class=\"elementor-container elementor-column-gap-no\">\n\t\t\t\t\t<div class=\"elementor-column elementor-col-33 elementor-inner-column elementor-element elementor-element-3fed987\" data-id=\"3fed987\" data-element_type=\"column\">\n\t\t\t<div class=\"elementor-widget-wrap elementor-element-populated\">\n\t\t\t\t\t\t<div class=\"elementor-element elementor-element-41a7bc7 elementor-widget-tablet__width-initial elementor-widget-mobile__width-inherit elementor-widget elementor-widget-techbizservicebox\" data-id=\"41a7bc7\" data-element_type=\"widget\" data-widget_type=\"techbizservicebox.default\">\n\t\t\t\t<div class=\"elementor-widget-container\">\n\t\t\t\t\t<div class=\"service-style1 service-align-wrapper layout2\"><div class=\"service-bg\" data-bg-src=\"https:\/\/wordpress.vecurosoft.com\/techbiz\/wp-content\/uploads\/2022\/08\/sr-bg-shape-2-1.png\"><\/div><div class=\"service-icon\"><img decoding=\"async\" src=\"https:\/\/wordpress.vecurosoft.com\/techbiz\/wp-content\/uploads\/2022\/10\/sr-icon-1-1.svg\" alt=\"sr icon 1 1\"  \/><\/div><h3 class=\"service-title h5\"><a href=\"\">Services Cloud<\/a><\/h3><p class=\"service-text\">Offrez une exp\u00e9rience commerciale fluide gr\u00e2ce \u00e0 notre expertise dynamique. Nous proposons des solutions cloud de pointe, adapt\u00e9es \u00e0 vos mod\u00e8les d&#039;entreprise, pour une performance optimale.<\/p><\/div>\t\t\t\t<\/div>\n\t\t\t\t<\/div>\n\t\t\t\t<div class=\"elementor-element elementor-element-84abaaa elementor-widget-tablet__width-initial elementor-widget-mobile__width-inherit elementor-widget elementor-widget-techbizservicebox\" data-id=\"84abaaa\" data-element_type=\"widget\" data-widget_type=\"techbizservicebox.default\">\n\t\t\t\t<div class=\"elementor-widget-container\">\n\t\t\t\t\t<div class=\"service-style1 service-align-wrapper layout2\"><div class=\"service-bg\" data-bg-src=\"https:\/\/wordpress.vecurosoft.com\/techbiz\/wp-content\/uploads\/2022\/08\/sr-bg-shape-2-1.png\"><\/div><div class=\"service-icon\"><img decoding=\"async\" src=\"https:\/\/wordpress.vecurosoft.com\/techbiz\/wp-content\/uploads\/2022\/10\/sr-icon-1-4.svg\" alt=\"sr icon 1 4\"  \/><\/div><h3 class=\"service-title h5\"><a href=\"\">D\u00e9veloppement Web<\/a><\/h3><p class=\"service-text\">Cr\u00e9ez des plateformes web performantes et \u00e9volutives avec notre savoir-faire. Nous concevons des produits innovants qui s&#039;int\u00e8grent parfaitement \u00e0 vos objectifs commerciaux.<\/p><\/div>\t\t\t\t<\/div>\n\t\t\t\t<\/div>\n\t\t\t\t\t<\/div>\n\t\t<\/div>\n\t\t\t\t<div class=\"elementor-column elementor-col-33 elementor-inner-column elementor-element elementor-element-6b8d3eb\" data-id=\"6b8d3eb\" data-element_type=\"column\">\n\t\t\t<div class=\"elementor-widget-wrap elementor-element-populated\">\n\t\t\t\t\t\t<div class=\"elementor-element elementor-element-ba1b423 elementor-widget-tablet__width-initial elementor-widget-mobile__width-inherit elementor-widget elementor-widget-techbizservicebox\" data-id=\"ba1b423\" data-element_type=\"widget\" data-widget_type=\"techbizservicebox.default\">\n\t\t\t\t<div class=\"elementor-widget-container\">\n\t\t\t\t\t<div class=\"service-style1 service-align-wrapper layout2\"><div class=\"service-bg\" data-bg-src=\"https:\/\/wordpress.vecurosoft.com\/techbiz\/wp-content\/uploads\/2022\/08\/sr-bg-shape-2-1.png\"><\/div><div class=\"service-icon\"><img decoding=\"async\" src=\"https:\/\/wordpress.vecurosoft.com\/techbiz\/wp-content\/uploads\/2022\/10\/sr-icon-1-2.svg\" alt=\"sr icon 1 2\"  \/><\/div><h3 class=\"service-title h5\"><a href=\"\">D\u00e9veloppement UI\n<\/a><\/h3><p class=\"service-text\">Concevez des interfaces intuitives et engageantes gr\u00e2ce \u00e0 notre expertise. Nous transformons vos id\u00e9es en designs modernes et fonctionnels, pour une exp\u00e9rience utilisateur exceptionnelle.<\/p><\/div>\t\t\t\t<\/div>\n\t\t\t\t<\/div>\n\t\t\t\t<div class=\"elementor-element elementor-element-1493230 elementor-widget-tablet__width-initial elementor-widget-mobile__width-inherit elementor-widget elementor-widget-techbizservicebox\" data-id=\"1493230\" data-element_type=\"widget\" data-widget_type=\"techbizservicebox.default\">\n\t\t\t\t<div class=\"elementor-widget-container\">\n\t\t\t\t\t<div class=\"service-style1 service-align-wrapper layout2\"><div class=\"service-bg\" data-bg-src=\"https:\/\/wordpress.vecurosoft.com\/techbiz\/wp-content\/uploads\/2022\/08\/sr-bg-shape-2-1.png\"><\/div><div class=\"service-icon\"><img decoding=\"async\" src=\"https:\/\/wordpress.vecurosoft.com\/techbiz\/wp-content\/uploads\/2022\/10\/sr-icon-1-5.svg\" alt=\"sr icon 1 5\"  \/><\/div><h3 class=\"service-title h5\"><a href=\"\">Services Logiciels<\/a><\/h3><p class=\"service-text\">D\u00e9veloppez des solutions logicielles sur mesure avec notre approche dynamique. Nous cr\u00e9ons des produits technologiques de pointe, align\u00e9s sur vos besoins m\u00e9tier.<\/p><\/div>\t\t\t\t<\/div>\n\t\t\t\t<\/div>\n\t\t\t\t\t<\/div>\n\t\t<\/div>\n\t\t\t\t<div class=\"elementor-column elementor-col-33 elementor-inner-column elementor-element elementor-element-6cde953\" data-id=\"6cde953\" data-element_type=\"column\">\n\t\t\t<div class=\"elementor-widget-wrap elementor-element-populated\">\n\t\t\t\t\t\t<div class=\"elementor-element elementor-element-54e665e elementor-widget-tablet__width-initial elementor-widget-mobile__width-inherit elementor-widget elementor-widget-techbizservicebox\" data-id=\"54e665e\" data-element_type=\"widget\" data-widget_type=\"techbizservicebox.default\">\n\t\t\t\t<div class=\"elementor-widget-container\">\n\t\t\t\t\t<div class=\"service-style1 service-align-wrapper layout2\"><div class=\"service-bg\" data-bg-src=\"https:\/\/wordpress.vecurosoft.com\/techbiz\/wp-content\/uploads\/2022\/08\/sr-bg-shape-2-1.png\"><\/div><div class=\"service-icon\"><img decoding=\"async\" src=\"https:\/\/wordpress.vecurosoft.com\/techbiz\/wp-content\/uploads\/2022\/10\/sr-icon-1-3.svg\" alt=\"sr icon 1 3\"  \/><\/div><h3 class=\"service-title h5\"><a href=\"\">Marketing Digital<\/a><\/h3><p class=\"service-text\">Boostez votre pr\u00e9sence en ligne avec des strat\u00e9gies digitales innovantes. Nous utilisons des outils avanc\u00e9s pour maximiser votre visibilit\u00e9 et votre engagement.<\/p><\/div>\t\t\t\t<\/div>\n\t\t\t\t<\/div>\n\t\t\t\t<div class=\"elementor-element elementor-element-00a0d0f elementor-widget-tablet__width-initial elementor-widget-mobile__width-inherit elementor-widget elementor-widget-techbizservicebox\" data-id=\"00a0d0f\" data-element_type=\"widget\" data-widget_type=\"techbizservicebox.default\">\n\t\t\t\t<div class=\"elementor-widget-container\">\n\t\t\t\t\t<div class=\"service-style1 service-align-wrapper layout2\"><div class=\"service-bg\" data-bg-src=\"https:\/\/wordpress.vecurosoft.com\/techbiz\/wp-content\/uploads\/2022\/08\/sr-bg-shape-2-1.png\"><\/div><div class=\"service-icon\"><img decoding=\"async\" src=\"https:\/\/wordpress.vecurosoft.com\/techbiz\/wp-content\/uploads\/2022\/10\/sr-icon-1-6.svg\" alt=\"sr icon 1 6\"  \/><\/div><h3 class=\"service-title h5\"><a href=\"\">Machine Learning<\/a><\/h3><p class=\"service-text\">Exploitez la puissance des donn\u00e9es avec des solutions d&#039;apprentissage automatique. Nous concevons des mod\u00e8les intelligents pour optimiser vos processus et anticiper les tendances.<\/p><\/div>\t\t\t\t<\/div>\n\t\t\t\t<\/div>\n\t\t\t\t\t<\/div>\n\t\t<\/div>\n\t\t\t\t\t<\/div>\n\t\t<\/section>\n\t\t\t\t\t<\/div>\n\t\t<\/div>\n\t\t\t\t\t<\/div>\n\t\t<\/section>\n\t\t\t\t<section class=\"elementor-section elementor-top-section elementor-element elementor-element-c003b63 elementor-section-full_width elementor-section-height-default elementor-section-height-default\" data-id=\"c003b63\" data-element_type=\"section\" data-settings=\"{&quot;background_background&quot;:&quot;classic&quot;}\">\n\t\t\t\t\t\t<div class=\"elementor-container elementor-column-gap-no\">\n\t\t\t\t\t<div class=\"elementor-column elementor-col-100 elementor-top-column elementor-element elementor-element-ec18766\" data-id=\"ec18766\" data-element_type=\"column\">\n\t\t\t<div class=\"elementor-widget-wrap elementor-element-populated\">\n\t\t\t\t\t\t<section class=\"elementor-section elementor-inner-section elementor-element elementor-element-a9df390 elementor-section-boxed elementor-section-height-default elementor-section-height-default\" data-id=\"a9df390\" data-element_type=\"section\">\n\t\t\t\t\t\t<div class=\"elementor-container elementor-column-gap-no\">\n\t\t\t\t\t<div class=\"elementor-column elementor-col-50 elementor-inner-column elementor-element elementor-element-e636fd4\" data-id=\"e636fd4\" data-element_type=\"column\">\n\t\t\t<div class=\"elementor-widget-wrap elementor-element-populated\">\n\t\t\t\t\t\t<div class=\"elementor-element elementor-element-bf0663e elementor-widget elementor-widget-text-editor\" data-id=\"bf0663e\" data-element_type=\"widget\" data-widget_type=\"text-editor.default\">\n\t\t\t\t<div class=\"elementor-widget-container\">\n\t\t\t\t\t\t\t\t\t<span class=\"sec-subtitle text-white\">Nous sommes l\u00e0 pour r\u00e9pondre \u00e0 vos questions 24h\/24 et 7j\/7<\/span>\n<h2 class=\"h1 sec-title text-white\">Besoin d&#8217;une consultation ?<\/h2>\t\t\t\t\t\t\t\t<\/div>\n\t\t\t\t<\/div>\n\t\t\t\t\t<\/div>\n\t\t<\/div>\n\t\t\t\t<div class=\"elementor-column elementor-col-50 elementor-inner-column elementor-element elementor-element-1911aa8\" data-id=\"1911aa8\" data-element_type=\"column\">\n\t\t\t<div class=\"elementor-widget-wrap elementor-element-populated\">\n\t\t\t\t\t\t<div class=\"elementor-element elementor-element-c203acc elementor-widget elementor-widget-techbizbutton\" data-id=\"c203acc\" data-element_type=\"widget\" data-widget_type=\"techbizbutton.default\">\n\t\t\t\t<div class=\"elementor-widget-container\">\n\t\t\t\t\t<!-- Button --><div class=\"btn-wrapper\"><a class=\"vs-btn\" href=\"https:\/\/wordpress.vecurosoft.com\/techbiz\/contact-us\/\">Demander un devis<i class=\"far fa-arrow-right\"><\/i><\/a><\/div><!-- End Button -->\t\t\t\t<\/div>\n\t\t\t\t<\/div>\n\t\t\t\t\t<\/div>\n\t\t<\/div>\n\t\t\t\t\t<\/div>\n\t\t<\/section>\n\t\t\t\t\t<\/div>\n\t\t<\/div>\n\t\t\t\t\t<\/div>\n\t\t<\/section>\n\t\t\t\t<section class=\"elementor-section elementor-top-section elementor-element elementor-element-5d6a0c2 elementor-section-boxed elementor-section-height-default elementor-section-height-default\" data-id=\"5d6a0c2\" data-element_type=\"section\">\n\t\t\t\t\t\t<div class=\"elementor-container elementor-column-gap-no\">\n\t\t\t\t\t<div class=\"elementor-column elementor-col-100 elementor-top-column elementor-element elementor-element-f7b5c5e\" data-id=\"f7b5c5e\" data-element_type=\"column\">\n\t\t\t<div class=\"elementor-widget-wrap elementor-element-populated\">\n\t\t\t\t\t\t<section class=\"elementor-section elementor-inner-section elementor-element elementor-element-5fba253 elementor-section-boxed elementor-section-height-default elementor-section-height-default\" data-id=\"5fba253\" data-element_type=\"section\" data-settings=\"{&quot;background_background&quot;:&quot;classic&quot;}\">\n\t\t\t\t\t\t<div class=\"elementor-container elementor-column-gap-no\">\n\t\t\t\t\t<div class=\"elementor-column elementor-col-100 elementor-inner-column elementor-element elementor-element-f4daf43\" data-id=\"f4daf43\" data-element_type=\"column\">\n\t\t\t<div class=\"elementor-widget-wrap elementor-element-populated\">\n\t\t\t\t\t\t<div class=\"elementor-element elementor-element-afcce6c elementor-widget-mobile__width-inherit elementor-widget elementor-widget-techbizsectiontitle\" data-id=\"afcce6c\" data-element_type=\"widget\" data-widget_type=\"techbizsectiontitle.default\">\n\t\t\t\t<div class=\"elementor-widget-container\">\n\t\t\t\t\t<!-- Section Title --><div class=\"title-area\" ><h2 class=\"sec-subtitle subtitle-selector\">CE QUE NOUS FAISONS POUR VOUS<\/h2><h3 class=\"sec-title3 title-selector h1\">Notre expertise<\/h3><\/div><!-- End Section Title -->\t\t\t\t<\/div>\n\t\t\t\t<\/div>\n\t\t\t\t<div class=\"elementor-element elementor-element-379eff3 elementor-widget elementor-widget-techbizworkprocess\" data-id=\"379eff3\" data-element_type=\"widget\" data-widget_type=\"techbizworkprocess.default\">\n\t\t\t\t<div class=\"elementor-widget-container\">\n\t\t\t\t\t<section class=\"vs-process-wrapper\"><div class=\"container\"><div class=\"row justify-content-between\"><div class=\"col-md-4 col-xl-auto process-style2\"><div class=\"process-arrow\"><img decoding=\"async\" src=\"https:\/\/wordpress.vecurosoft.com\/techbiz\/wp-content\/uploads\/2022\/09\/process-arrow-2-1.png\" alt=\"process arrow 2 1\"  \/><\/div><div class=\"process-icon\"><img decoding=\"async\" src=\"https:\/\/www.yottabyte.com.tn\/wp-content\/uploads\/2022\/10\/process-1-1.svg\" alt=\"process 1 1\"  \/><span class=\"process-number\">01<\/span><\/div><h3 class=\"process-title h5\">Solutions sur mesure<\/h3><p class=\"process-text\">Nous d\u00e9veloppons des strat\u00e9gies adapt\u00e9es \u00e0 vos besoins, sans d\u00e9pendre de solutions pr\u00eates \u00e0 l&#039;emploi. Nous mettons vos clients au c\u0153ur de notre approche pour une exp\u00e9rience optimale.<\/p><\/div><div class=\"col-md-4 col-xl-auto process-style2\"><div class=\"process-arrow\"><img decoding=\"async\" src=\"https:\/\/wordpress.vecurosoft.com\/techbiz\/wp-content\/uploads\/2022\/09\/process-arrow-2-1.png\" alt=\"process arrow 2 1\"  \/><\/div><div class=\"process-icon\"><img decoding=\"async\" src=\"https:\/\/www.yottabyte.com.tn\/wp-content\/uploads\/2022\/10\/process-1-2.svg\" alt=\"process 1 2\"  \/><span class=\"process-number\">02<\/span><\/div><h3 class=\"process-title h5\">Conception et innovation<\/h3><p class=\"process-text\">Nous cr\u00e9ons des solutions technologiques personnalis\u00e9es, en nous appuyant sur des m\u00e9thodes organiques et durables. Votre satisfaction est notre priorit\u00e9.<\/p><\/div><div class=\"col-md-4 col-xl-auto process-style2\"><div class=\"process-arrow\"><img decoding=\"async\" src=\"https:\/\/wordpress.vecurosoft.com\/techbiz\/wp-content\/uploads\/2022\/08\/process-arrow-1-1.png\" alt=\"process arrow 1 1\"  \/><\/div><div class=\"process-icon\"><img decoding=\"async\" src=\"https:\/\/www.yottabyte.com.tn\/wp-content\/uploads\/2022\/10\/ab-ic-2-2.svg\" alt=\"ab ic 2 2\"  \/><span class=\"process-number\">03<\/span><\/div><h3 class=\"process-title h5\">Support continu<\/h3><p class=\"process-text\">Nous assurons un accompagnement fluide et r\u00e9actif, en alignant nos services sur vos objectifs pour une croissance harmonieuse.<\/p><\/div><\/div><\/div><\/section>\t\t\t\t<\/div>\n\t\t\t\t<\/div>\n\t\t\t\t\t<\/div>\n\t\t<\/div>\n\t\t\t\t\t<\/div>\n\t\t<\/section>\n\t\t\t\t\t<\/div>\n\t\t<\/div>\n\t\t\t\t\t<\/div>\n\t\t<\/section>\n\t\t\t\t<section class=\"elementor-section elementor-top-section elementor-element elementor-element-43d1985 elementor-section-full_width elementor-hidden-desktop elementor-hidden-tablet elementor-hidden-mobile elementor-section-height-default elementor-section-height-default\" data-id=\"43d1985\" data-element_type=\"section\">\n\t\t\t\t\t\t<div class=\"elementor-container elementor-column-gap-no\">\n\t\t\t\t\t<div class=\"elementor-column elementor-col-100 elementor-top-column elementor-element elementor-element-a66f475\" data-id=\"a66f475\" data-element_type=\"column\">\n\t\t\t<div class=\"elementor-widget-wrap elementor-element-populated\">\n\t\t\t\t\t\t<section class=\"elementor-section elementor-inner-section elementor-element elementor-element-3d0c45b elementor-section-full_width elementor-section-height-default elementor-section-height-default\" data-id=\"3d0c45b\" data-element_type=\"section\">\n\t\t\t\t\t\t<div class=\"elementor-container elementor-column-gap-no\">\n\t\t\t\t\t<div class=\"elementor-column elementor-col-100 elementor-inner-column elementor-element elementor-element-7be307c\" data-id=\"7be307c\" data-element_type=\"column\">\n\t\t\t<div class=\"elementor-widget-wrap elementor-element-populated\">\n\t\t\t\t\t\t<div class=\"elementor-element elementor-element-fe5b677 elementor-widget elementor-widget-techbiztestimonialslider\" data-id=\"fe5b677\" data-element_type=\"widget\" data-widget_type=\"techbiztestimonialslider.default\">\n\t\t\t\t<div class=\"elementor-widget-container\">\n\t\t\t\t\t<section class=\"testimonial-wrapper\"><div class=\"container wow fadeInUp\" data-wow-delay=\"0.2s\"><div class=\"row justify-content-between\"><div class=\"col-lg-auto text-center text-lg-start\"><div class=\"title-area\"><span class=\"sec-subtitle\"><i class=\"fas fa-bring-forward\"><\/i>OUR BEST REVIEW\u2019S<\/span><h2 class=\"sec-title h1\">CUSTOMER\u2019S FEEDBACK<\/h2><\/div><\/div><div class=\"col-auto d-none d-lg-block\"><div class=\"sec-btns\"><button class=\"vs-btn style4\" data-slick-prev=\"#testislide1\"><i class=\"far fa-arrow-left\"><\/i>Prev<\/button><button class=\"vs-btn style4\" data-slick-next=\"#testislide1\">Next<i class=\"far fa-arrow-right\"><\/i><\/button><\/div><\/div><\/div><div id=\"testislide1\" class=\"row vs-carousel style-one\" data-slide-to-show=\"3\"><div class=\"col-xl-4\"><div class=\"testi-style1\"><div class=\"testi-icon\"><i class=\"fal fa-quote-right\"><\/i><\/div><p class=\"testi-text\">Contrary to popular belief, Lorem Ipsum is not simply random text over 2000 years old. Richard McClintock<\/p><h3 class=\"testi-name h6\">Marko Polo<\/h3><div class=\"testi-degi\">Chef Leader<\/div><\/div><\/div><div class=\"col-xl-4\"><div class=\"testi-style1\"><div class=\"testi-icon\"><i class=\"fal fa-quote-right\"><\/i><\/div><p class=\"testi-text\">\u201cEngineer resource maximizing whereas human high quality scenarios via client incentivize next generatio\u201d<\/p><h3 class=\"testi-name h6\">Vivi Marian<\/h3><div class=\"testi-degi\">Chef Leader<\/div><\/div><\/div><div class=\"col-xl-4\"><div class=\"testi-style1\"><div class=\"testi-icon\"><i class=\"fal fa-quote-right\"><\/i><\/div><p class=\"testi-text\">\u201cThere are many variations of passages of Lorem Ipsum available, but the majority have suffered alteration\u201d<\/p><h3 class=\"testi-name h6\">Customer<\/h3><div class=\"testi-degi\">Chef Leader<\/div><\/div><\/div><div class=\"col-xl-4\"><div class=\"testi-style1\"><div class=\"testi-icon\"><i class=\"fal fa-quote-right\"><\/i><\/div><p class=\"testi-text\">Contrary to popular belief, Lorem Ipsum is not simply random text over 2000 years old. Richard McClintock<\/p><h3 class=\"testi-name h6\">Jesper Karl<\/h3><div class=\"testi-degi\">SEO Customer<\/div><\/div><\/div><\/div><\/div><\/section>\t\t\t\t<\/div>\n\t\t\t\t<\/div>\n\t\t\t\t\t<\/div>\n\t\t<\/div>\n\t\t\t\t\t<\/div>\n\t\t<\/section>\n\t\t\t\t\t<\/div>\n\t\t<\/div>\n\t\t\t\t\t<\/div>\n\t\t<\/section>\n\t\t\t\t<\/div>\n\t\t","protected":false},"excerpt":{"rendered":"<p>Services Cloud Offrez une exp\u00e9rience commerciale fluide gr\u00e2ce \u00e0 notre expertise dynamique. Nous proposons des solutions cloud de pointe, adapt\u00e9es \u00e0 vos mod\u00e8les d&#039;entreprise, pour une performance optimale. D\u00e9veloppement Web Cr\u00e9ez des plateformes web performantes et \u00e9volutives avec notre savoir-faire. Nous concevons des produits innovants qui s&#039;int\u00e8grent parfaitement \u00e0 vos objectifs commerciaux. D\u00e9veloppement UI Concevez&#8230;<\/p>\n","protected":false},"author":1,"featured_media":0,"parent":0,"menu_order":0,"comment_status":"closed","ping_status":"closed","template":"template-builder.php","meta":{"om_disable_all_campaigns":false,"_monsterinsights_skip_tracking":false,"_monsterinsights_sitenote_active":false,"_monsterinsights_sitenote_note":"","_monsterinsights_sitenote_category":0,"_uf_show_specific_survey":0,"_uf_disable_surveys":false,"footnotes":""},"class_list":["post-70","page","type-page","status-publish","hentry"],"aioseo_notices":[],"_links":{"self":[{"href":"https:\/\/www.yottabyte.com.tn\/index.php\/wp-json\/wp\/v2\/pages\/70","targetHints":{"allow":["GET"]}}],"collection":[{"href":"https:\/\/www.yottabyte.com.tn\/index.php\/wp-json\/wp\/v2\/pages"}],"about":[{"href":"https:\/\/www.yottabyte.com.tn\/index.php\/wp-json\/wp\/v2\/types\/page"}],"author":[{"embeddable":true,"href":"https:\/\/www.yottabyte.com.tn\/index.php\/wp-json\/wp\/v2\/users\/1"}],"replies":[{"embeddable":true,"href":"https:\/\/www.yottabyte.com.tn\/index.php\/wp-json\/wp\/v2\/comments?post=70"}],"version-history":[{"count":13,"href":"https:\/\/www.yottabyte.com.tn\/index.php\/wp-json\/wp\/v2\/pages\/70\/revisions"}],"predecessor-version":[{"id":12819,"href":"https:\/\/www.yottabyte.com.tn\/index.php\/wp-json\/wp\/v2\/pages\/70\/revisions\/12819"}],"wp:attachment":[{"href":"https:\/\/www.yottabyte.com.tn\/index.php\/wp-json\/wp\/v2\/media?parent=70"}],"curies":[{"name":"wp","href":"https:\/\/api.w.org\/{rel}","templated":true}]}}